


{"id":3349,"date":"2026-02-16T10:21:09","date_gmt":"2026-02-16T09:21:09","guid":{"rendered":"https:\/\/koenig-mtm.de\/company\/"},"modified":"2026-04-15T12:14:58","modified_gmt":"2026-04-15T10:14:58","slug":"company","status":"publish","type":"page","link":"https:\/\/koenig-mtm.de\/en\/company\/","title":{"rendered":"Company"},"content":{"rendered":"<div class=\"wpb-content-wrapper\"><p>[vc_section full_height=&#8221;yes&#8221; content_placement=&#8221;bottom&#8221; css=&#8221;.vc_custom_1775560497219{background-image: url(https:\/\/koenig-mtm.de\/wp-content\/uploads\/2026\/04\/koenig-mtm_headerbild-unternehmen2.jpg?id=2782) !important;background-position: center !important;background-repeat: no-repeat !important;background-size: cover !important;}&#8221; el_class=&#8221;header&#8211;img&#8221;][vc_row][vc_column][vc_column_text css=&#8221;&#8221;]<\/p>\n<h1>Perfectly tailored to your requirements<\/h1>\n<p>[\/vc_column_text][\/vc_column][\/vc_row][\/vc_section][vc_section el_id=&#8221;ueber-uns&#8221; el_class=&#8221;bg&#8211;black&#8221;][vc_row][vc_column width=&#8221;1\/2&#8243;][vc_column_text css=&#8221;&#8221;]WILHELM K\u00d6NIG MTM was founded in 1946 as a mechanical workshop and metalworking shop by Wilhelm K\u00f6nig, and is now run as a family business in the third generation.<br \/>\nThe company specializes in the manufacture of highprecision clamping elements for modern CNC-controlled machine tools. WILHELM K\u00d6NIG MTM (company name until the end of July 2023: K\u00f6nig-mtm GmbH, Spanntechnik) has been one of the most innovative companies in this sector for decades. The product range includes workpiece clamping devices such as clamping mandrels and chucks in hydraulic, mechanical, or hydro-mechanical design, which are sold to leading mechanical engineering and industrial companies under the K\u00d6NIGDORN product brand.[\/vc_column_text][\/vc_column][vc_column width=&#8221;1\/2&#8243;][vc_column_text css=&#8221;&#8221;]The customer workpieces that are machined on these precision products range from aircraft components to components for automobiles and construction machinery to gearwheels for wind turbines.<br \/>\nThe K\u00d6NIGDORN product brand has become a byword for quality among international mechanical engineering companies and the automotive industry. As a rule, clamping tools are developed individually and customized for customers\u2018 machining tasks. They are usually produced as individual items or in small batches.[\/vc_column_text][\/vc_column][\/vc_row][\/vc_section][vc_section el_class=&#8221;headline&#8211;blue bg&#8211;white&#8221;][vc_row][vc_column][vc_column_text css=&#8221;&#8221;]<\/p>\n<h2>Management<\/h2>\n<p>[\/vc_column_text][\/vc_column][\/vc_row][vc_row equal_height=&#8221;yes&#8221; el_class=&#8221;teaser&#8211;row-img&#8221;][vc_column width=&#8221;1\/6&#8243;][\/vc_column][vc_column width=&#8221;2\/3&#8243;][vc_single_image image=&#8221;3347&#8243; img_size=&#8221;full&#8221; css=&#8221;&#8221;][vc_column_text css=&#8221;&#8221;]<\/p>\n<h4><strong>Christoph Baumann &amp; Horst K\u00f6nig<\/strong><\/h4>\n<p>Managing directors[\/vc_column_text][\/vc_column][vc_column width=&#8221;1\/6&#8243;][\/vc_column][\/vc_row][\/vc_section][vc_section el_class=&#8221;bg&#8211;light headline&#8211;blue&#8221; el_id=&#8221;historie&#8221;][vc_row][vc_column][vc_column_text css=&#8221;&#8221;]<\/p>\n<h2>Our Company History<\/h2>\n<p>[\/vc_column_text][\/vc_column][\/vc_row][vc_row el_class=&#8221;timeline&#8211;slider&#8221;][vc_column]    <div class=\"timeline-element\">\n        <div class=\"timeline-year\"> 1946 <\/div>\n                <div class=\"timeline-content\"> <p>Wilhelm K\u00f6nig opens a mechanical workshop and metal-working shop in Wertheim-Bestenheid. At first, the company performed all kinds of repair work and produced planing machines for carpenters and coopers. <\/p>\n<p><img decoding=\"async\" src=\"https:\/\/koenig-mtm.de\/wp-content\/uploads\/2026\/02\/koenig-mtm_historie1.jpg\" alt=\"\" width=\"500\" height=\"auto\" class=\"size-medium wp-image-1657 aligncenter\"><\/p>\n <\/div>\n    <\/div>\n        <div class=\"timeline-element\">\n        <div class=\"timeline-year\"> 1953 <\/div>\n                <div class=\"timeline-content\"> <p>Wilhelm K\u00f6nig starts as a supplier in hydraulics\/oil hydraulics. Construction and expansion of production halls follow.<\/p>\n <\/div>\n    <\/div>\n        <div class=\"timeline-element\">\n        <div class=\"timeline-year\"> 1965 <\/div>\n                <div class=\"timeline-content\"> <p>Patent application for the first K\u00d6NIGDORN (hydraulic clamping mandrel).<\/p>\n <\/div>\n    <\/div>\n        <div class=\"timeline-element\">\n        <div class=\"timeline-year\"> 1974 <\/div>\n                <div class=\"timeline-content\"> <p>Company founder Wilhelm K\u00f6nig passes on the management to his son Manfred K\u00f6nig.<\/p>\n <\/div>\n    <\/div>\n        <div class=\"timeline-element\">\n        <div class=\"timeline-year\"> 1978 <\/div>\n                <div class=\"timeline-content\"> <p>The number of employees has doubled in the past decade to over 120. Foundation of the Main-Tauber-Maschinenbau GmbH as an independent company for its proprietary product \u2013 the K\u00d6NIGDORN mandrel.<br \/> Start of the first construction measures at the new site, &#8220;Am Stammholz&#8221;, in Bestenheid.  <\/p>\n <\/div>\n    <\/div>\n        <div class=\"timeline-element\">\n        <div class=\"timeline-year\"> 1981 <\/div>\n                <div class=\"timeline-content\"> <p>Foundation of Wilhelm K\u00f6nig GmbH.<\/p>\n <\/div>\n    <\/div>\n        <div class=\"timeline-element\">\n        <div class=\"timeline-year\"> 1984 <\/div>\n                <div class=\"timeline-content\"> <p>The Federal President awards the company a certificate of honor for exemplary performance in vocational training.<\/p>\n <\/div>\n    <\/div>\n        <div class=\"timeline-element\">\n        <div class=\"timeline-year\"> 1995 <\/div>\n                <div class=\"timeline-content\"> <p>Main-Tauber-Maschinenbau GmbH is renamed K\u00f6nig-mtm GmbH.<br \/>\n<img decoding=\"async\" src=\"https:\/\/koenig-mtm.de\/wp-content\/uploads\/2026\/02\/koenig-mtm_historie_logo1.png\" alt=\"Logo 1\" style=\"width: 200px; height: auto;\"><br \/>\n<img decoding=\"async\" src=\"https:\/\/koenig-mtm.de\/wp-content\/uploads\/2026\/02\/koenig-mtm_historie-logo2.png\" alt=\"Logo 2\" style=\"width: 200px; height: auto;\"><\/p>\n <\/div>\n    <\/div>\n        <div class=\"timeline-element\">\n        <div class=\"timeline-year\"> 1998\/1999 <\/div>\n                <div class=\"timeline-content\"> <p>Wilhelm K\u00f6nig GmbH and K\u00f6nig-mtm GmbH start production at their common location, &#8220;Am Stammholz&#8221;.<\/p>\n <\/div>\n    <\/div>\n        <div class=\"timeline-element\">\n        <div class=\"timeline-year\"> 2000 <\/div>\n                <div class=\"timeline-content\"> <p>Appointment of Horst K\u00f6nig as the second managing director in the third generation.<\/p>\n<p><img decoding=\"async\" src=\"https:\/\/koenig-mtm.de\/wp-content\/uploads\/2026\/02\/koenig-mtm_historie2.jpg\" alt=\"\" width=\"500\" height=\"auto\" class=\"size-medium wp-image-1657 aligncenter\"><\/p>\n <\/div>\n    <\/div>\n        <div class=\"timeline-element\">\n        <div class=\"timeline-year\"> 2005 <\/div>\n                <div class=\"timeline-content\"> <p>Merger of the manufacturing companies Wilhelm K\u00f6nig GmbH and K\u00f6nig-mtm GmbH to form Wilhelm K\u00f6nig Maschinenbau GmbH. Spin-off of K\u00f6nig-mtm GmbH, Spanntechnik (clamping technology) as a distribution company for the K\u00d6NIGDORN products. <\/p>\n<p><img decoding=\"async\" src=\"https:\/\/koenig-mtm.de\/wp-content\/uploads\/2026\/02\/koenig-mtm_historie3.jpg\" alt=\"\" width=\"5300\"\" height=\"auto\" class=\"size-medium wp-image-1657 aligncenter\"><\/p>\n <\/div>\n    <\/div>\n        <div class=\"timeline-element\">\n        <div class=\"timeline-year\"> 2006 <\/div>\n                <div class=\"timeline-content\"> <p>Wilhelm K\u00f6nig Maschinenbau GmbH delivers its 50,000th K\u00d6NIGDORN; K\u00f6nig-mtm GmbH, Spanntechnik is honored as a &#8220;Registered and Approved Supplier&#8221; by MTU Aero Engines, the jet engine manufacturer.<\/p>\n <\/div>\n    <\/div>\n        <div class=\"timeline-element\">\n        <div class=\"timeline-year\"> 2007 <\/div>\n                <div class=\"timeline-content\"> <p>Honored with the \u201cSuppliers Award\u201d by MTU Aero Engines.<\/p>\n<p><img decoding=\"async\" src=\"\/wp-content\/uploads\/2026\/02\/koenig-mtm_zertifizierungen_mtu2007.jpg\" alt=\"\" width=\"500\" height=\"auto\" class=\"size-medium wp-image-1657 aligncenter\"><\/p>\n <\/div>\n    <\/div>\n        <div class=\"timeline-element\">\n        <div class=\"timeline-year\"> 2015 <\/div>\n                <div class=\"timeline-content\"> <p>Development of an energy management system. Wilhelm K\u00f6nig Maschinenbau GmbH delivers its 75,000th K\u00d6NIGDORN.<\/p>\n<p><img decoding=\"async\" src=\"\/wp-content\/uploads\/2026\/02\/koenig-mtm_zertifizierungen-bosch2015.jpg\" alt=\"\" width=\"500\" height=\"auto\" class=\"size-medium wp-image-1657 aligncenter\"><\/p>\n <\/div>\n    <\/div>\n        <div class=\"timeline-element\">\n        <div class=\"timeline-year\"> 2023 <\/div>\n                <div class=\"timeline-content\"> <p>Consolidation of all companies into WILHELM K\u00d6NIG MTM GmbH. Currently 240 employees. <\/p>\n<p><img loading=\"lazy\" decoding=\"async\" src=\"https:\/\/koenig-mtm.de\/wp-content\/uploads\/2026\/02\/koenig-mtm_historie-logo3.png\" alt=\"\" width=\"300\" height=\"212\" class=\"size-medium wp-image-1657 aligncenter\"><\/p>\n <\/div>\n    <\/div>\n        <div class=\"timeline-element\">\n        <div class=\"timeline-year\"> 2024 <\/div>\n                <div class=\"timeline-content\"> <p>Delivery of the 100,000th K\u00d6NIGDORN.<\/p>\n <\/div>\n    <\/div>\n        <div class=\"timeline-element\">\n        <div class=\"timeline-year\"> 2025 <\/div>\n                <div class=\"timeline-content\"> <p>Designation as World Market Leader 2025 and 2026 (DDW, Die deutsche Wirtschaft)<br \/>\nStrengthening of management by Christoph Baumann.<\/p>\n<p><img decoding=\"async\" src=\"https:\/\/koenig-mtm.de\/wp-content\/uploads\/2026\/02\/koenig-mtm_zertifizierungen-weltmarktfuehrer2026.jpg\" alt=\"\" width=\"200\" height=\"auto\" class=\"size-medium wp-image-1657 aligncenter\"><\/p>\n <\/div>\n    <\/div>\n    [\/vc_column][\/vc_row][\/vc_section][vc_section el_class=&#8221;headline&#8211;blue&#8221; el_id=&#8221;standorte&#8221;][vc_row][vc_column width=&#8221;2\/3&#8243;][vc_column_text css=&#8221;&#8221;]<\/p>\n<h2>Our Locations Worldwide<\/h2>\n<p>[\/vc_column_text][\/vc_column][vc_column width=&#8221;1\/3&#8243;][\/vc_column][\/vc_row][vc_row][vc_column][vc_raw_html css=&#8221;&#8221;]W3dvcmxkX21hcF0=[\/vc_raw_html][\/vc_column][\/vc_row][\/vc_section][vc_section el_class=&#8221;bg&#8211;pattern&#8211;black&#8221; css=&#8221;.vc_custom_1773219216707{background-image: url(https:\/\/koenig-mtm.de\/wp-content\/uploads\/2026\/02\/koenig-mtm-pattern-blue.jpg?id=60) !important;}&#8221;][vc_row][vc_column][vc_column_text css=&#8221;&#8221;]<\/p>\n<h2>The place where ideas grow<\/h2>\n<p>[\/vc_column_text][\/vc_column][\/vc_row][vc_row][vc_column][vc_single_image image=&#8221;3348&#8243; img_size=&#8221;full&#8221; css=&#8221;&#8221;][\/vc_column][\/vc_row][\/vc_section]<\/p>\n<\/div>","protected":false},"excerpt":{"rendered":"<p>[vc_section full_height=&#8221;yes&#8221; content_placement=&#8221;bottom&#8221; css=&#8221;.vc_custom_1775560497219{background-image: url(https:\/\/koenig-mtm.de\/wp-content\/uploads\/2026\/04\/koenig-mtm_headerbild-unternehmen2.jpg?id=2782) !important;background-position: center !important;background-repeat: no-repeat !important;background-size: cover !important;}&#8221; el_class=&#8221;header&#8211;img&#8221;][vc_row][vc_column][vc_column_text css=&#8221;&#8221;] Perfectly tailored to your requirements [\/vc_column_text][\/vc_column][\/vc_row][\/vc_section][vc_section el_id=&#8221;ueber-uns&#8221; el_class=&#8221;bg&#8211;black&#8221;][vc_row][vc_column width=&#8221;1\/2&#8243;][vc_column_text css=&#8221;&#8221;]WILHELM K\u00d6NIG MTM was founded in 1946 as a mechanical workshop and metalworking shop by Wilhelm K\u00f6nig, and is now run as a family business in the [&hellip;]<\/p>\n","protected":false},"author":1,"featured_media":0,"parent":0,"menu_order":0,"comment_status":"closed","ping_status":"closed","template":"page-templates\/template-pagebuilder-full-width.php","meta":{"footnotes":""},"class_list":["post-3349","page","type-page","status-publish","hentry"],"_links":{"self":[{"href":"https:\/\/koenig-mtm.de\/en\/wp-json\/wp\/v2\/pages\/3349","targetHints":{"allow":["GET"]}}],"collection":[{"href":"https:\/\/koenig-mtm.de\/en\/wp-json\/wp\/v2\/pages"}],"about":[{"href":"https:\/\/koenig-mtm.de\/en\/wp-json\/wp\/v2\/types\/page"}],"author":[{"embeddable":true,"href":"https:\/\/koenig-mtm.de\/en\/wp-json\/wp\/v2\/users\/1"}],"replies":[{"embeddable":true,"href":"https:\/\/koenig-mtm.de\/en\/wp-json\/wp\/v2\/comments?post=3349"}],"version-history":[{"count":7,"href":"https:\/\/koenig-mtm.de\/en\/wp-json\/wp\/v2\/pages\/3349\/revisions"}],"predecessor-version":[{"id":3630,"href":"https:\/\/koenig-mtm.de\/en\/wp-json\/wp\/v2\/pages\/3349\/revisions\/3630"}],"wp:attachment":[{"href":"https:\/\/koenig-mtm.de\/en\/wp-json\/wp\/v2\/media?parent=3349"}],"curies":[{"name":"wp","href":"https:\/\/api.w.org\/{rel}","templated":true}]}}